{"id":941,"date":"2024-10-17T15:49:26","date_gmt":"2024-10-17T15:49:26","guid":{"rendered":"https:\/\/openshops.rkinformatika.online\/?page_id=941"},"modified":"2024-10-31T14:50:40","modified_gmt":"2024-10-31T14:50:40","slug":"inicio","status":"publish","type":"page","link":"https:\/\/hortzklinikamaguna.com\/eu\/","title":{"rendered":"HASIERA"},"content":{"rendered":"\t\t<div data-elementor-type=\"wp-page\" data-elementor-id=\"941\" class=\"elementor elementor-941\" data-elementor-post-type=\"page\">\n\t\t\t\t\t\t<section class=\"elementor-section elementor-top-section elementor-element elementor-element-2ceda46f elementor-section-height-min-height elementor-section-boxed elementor-section-height-default elementor-section-items-middle\" data-id=\"2ceda46f\" data-element_type=\"section\" data-e-type=\"section\" data-settings=\"{&quot;background_background&quot;:&quot;slideshow&quot;,&quot;background_slideshow_gallery&quot;:[{&quot;id&quot;:1706,&quot;url&quot;:&quot;https:\\\/\\\/hortzklinikamaguna.com\\\/wp-content\\\/uploads\\\/2024\\\/10\\\/high-angle-dental-tools-assortment-scaled.jpg&quot;},{&quot;id&quot;:1707,&quot;url&quot;:&quot;https:\\\/\\\/hortzklinikamaguna.com\\\/wp-content\\\/uploads\\\/2024\\\/10\\\/orthodontist-with-latex-glove-handling-dental-equipment-scaled.jpg&quot;},{&quot;id&quot;:1708,&quot;url&quot;:&quot;https:\\\/\\\/hortzklinikamaguna.com\\\/wp-content\\\/uploads\\\/2024\\\/10\\\/smiling-young-woman-with-braces-teeth-scaled.jpg&quot;}],&quot;background_slideshow_transition_duration&quot;:1000,&quot;background_slideshow_loop&quot;:&quot;yes&quot;,&quot;background_slideshow_slide_duration&quot;:5000,&quot;background_slideshow_slide_transition&quot;:&quot;fade&quot;}\">\n\t\t\t\t\t\t\t<div class=\"elementor-background-overlay\"><\/div>\n\t\t\t\t\t\t\t<div class=\"elementor-container elementor-column-gap-no\">\n\t\t\t\t\t<div class=\"elementor-column elementor-col-50 elementor-top-column elementor-element elementor-element-21c58e5c\" data-id=\"21c58e5c\" data-element_type=\"column\" data-e-type=\"column\">\n\t\t\t<div class=\"elementor-widget-wrap elementor-element-populated\">\n\t\t\t\t\t\t<div class=\"elementor-element elementor-element-42f39f1c elementor-invisible elementor-widget elementor-widget-heading\" data-id=\"42f39f1c\" data-element_type=\"widget\" data-e-type=\"widget\" data-settings=\"{&quot;_animation&quot;:&quot;zoomIn&quot;}\" data-widget_type=\"heading.default\">\n\t\t\t\t<div class=\"elementor-widget-container\">\n\t\t\t\t\t<h2 class=\"elementor-heading-title elementor-size-default\">Bienvenidos Hortz Klinika Carlos Maguna<\/h2>\t\t\t\t<\/div>\n\t\t\t\t<\/div>\n\t\t\t\t<div class=\"elementor-element elementor-element-760a272 elementor-invisible elementor-widget elementor-widget-heading\" data-id=\"760a272\" data-element_type=\"widget\" data-e-type=\"widget\" data-settings=\"{&quot;_animation&quot;:&quot;zoomIn&quot;}\" data-widget_type=\"heading.default\">\n\t\t\t\t<div class=\"elementor-widget-container\">\n\t\t\t\t\t<h2 class=\"elementor-heading-title elementor-size-default\">Odontolog\u00eda general, ortodoncia, implantolog\u00eda, pr\u00f3tesis dental, periodoncia y est\u00e9tica dental.<\/h2>\t\t\t\t<\/div>\n\t\t\t\t<\/div>\n\t\t\t\t<div class=\"elementor-element elementor-element-c50237c elementor-invisible elementor-widget elementor-widget-heading\" data-id=\"c50237c\" data-element_type=\"widget\" data-e-type=\"widget\" data-settings=\"{&quot;_animation&quot;:&quot;zoomIn&quot;}\" data-widget_type=\"heading.default\">\n\t\t\t\t<div class=\"elementor-widget-container\">\n\t\t\t\t\t<h2 class=\"elementor-heading-title elementor-size-default\"><b>M\u00e1s de 20 a\u00f1os de Experiencia<\/b><\/h2>\t\t\t\t<\/div>\n\t\t\t\t<\/div>\n\t\t\t\t<section class=\"elementor-section elementor-inner-section elementor-element elementor-element-5200ffaf elementor-section-boxed elementor-section-height-default elementor-section-height-default\" data-id=\"5200ffaf\" data-element_type=\"section\" data-e-type=\"section\">\n\t\t\t\t\t\t<div class=\"elementor-container elementor-column-gap-no\">\n\t\t\t\t\t<div class=\"elementor-column elementor-col-100 elementor-inner-column elementor-element elementor-element-22496e72\" data-id=\"22496e72\" data-element_type=\"column\" data-e-type=\"column\">\n\t\t\t<div class=\"elementor-widget-wrap elementor-element-populated\">\n\t\t\t\t\t\t<div class=\"elementor-element elementor-element-12918b8 elementor-align-left elementor-widget__width-auto elementor-mobile-align-justify elementor-widget-mobile__width-initial elementor-invisible elementor-widget elementor-widget-button\" data-id=\"12918b8\" data-element_type=\"widget\" data-e-type=\"widget\" data-settings=\"{&quot;_animation&quot;:&quot;fadeInRight&quot;}\" data-widget_type=\"button.default\">\n\t\t\t\t<div class=\"elementor-widget-container\">\n\t\t\t\t\t\t\t\t\t<div class=\"elementor-button-wrapper\">\n\t\t\t\t\t<a class=\"elementor-button elementor-button-link elementor-size-sm elementor-animation-hang\" href=\"https:\/\/wa.link\/019hdy\">\n\t\t\t\t\t\t<span class=\"elementor-button-content-wrapper\">\n\t\t\t\t\t\t\t\t\t<span class=\"elementor-button-text\">Cont\u00e1ctanos<\/span>\n\t\t\t\t\t<\/span>\n\t\t\t\t\t<\/a>\n\t\t\t\t<\/div>\n\t\t\t\t\t\t\t\t<\/div>\n\t\t\t\t<\/div>\n\t\t\t\t\t<\/div>\n\t\t<\/div>\n\t\t\t\t\t<\/div>\n\t\t<\/section>\n\t\t\t\t\t<\/div>\n\t\t<\/div>\n\t\t\t\t<div class=\"elementor-column elementor-col-50 elementor-top-column elementor-element elementor-element-435634c4\" data-id=\"435634c4\" data-element_type=\"column\" data-e-type=\"column\">\n\t\t\t<div class=\"elementor-widget-wrap\">\n\t\t\t\t\t\t\t<\/div>\n\t\t<\/div>\n\t\t\t\t\t<\/div>\n\t\t<\/section>\n\t\t\t\t<section class=\"elementor-section elementor-top-section elementor-element elementor-element-4c97510d elementor-section-boxed elementor-section-height-default elementor-section-height-default\" data-id=\"4c97510d\" data-element_type=\"section\" data-e-type=\"section\" data-settings=\"{&quot;background_background&quot;:&quot;classic&quot;}\">\n\t\t\t\t\t\t<div class=\"elementor-container elementor-column-gap-no\">\n\t\t\t\t\t<div class=\"elementor-column elementor-col-50 elementor-top-column elementor-element elementor-element-37bb1425\" data-id=\"37bb1425\" data-element_type=\"column\" data-e-type=\"column\">\n\t\t\t<div class=\"elementor-widget-wrap elementor-element-populated\">\n\t\t\t\t\t\t<section class=\"elementor-section elementor-inner-section elementor-element elementor-element-6b04b859 elementor-section-boxed elementor-section-height-default elementor-section-height-default\" data-id=\"6b04b859\" data-element_type=\"section\" data-e-type=\"section\">\n\t\t\t\t\t\t<div class=\"elementor-container elementor-column-gap-no\">\n\t\t\t\t\t<div class=\"elementor-column elementor-col-100 elementor-inner-column elementor-element elementor-element-505014f4 elementor-invisible\" data-id=\"505014f4\" data-element_type=\"column\" data-e-type=\"column\" data-settings=\"{&quot;background_background&quot;:&quot;classic&quot;,&quot;animation&quot;:&quot;fadeInRight&quot;}\">\n\t\t\t<div class=\"elementor-widget-wrap elementor-element-populated\">\n\t\t\t\t\t\t<div class=\"elementor-element elementor-element-5a255791 elementor-widget elementor-widget-heading\" data-id=\"5a255791\" data-element_type=\"widget\" data-e-type=\"widget\" data-widget_type=\"heading.default\">\n\t\t\t\t<div class=\"elementor-widget-container\">\n\t\t\t\t\t<h2 class=\"elementor-heading-title elementor-size-default\">Historia<\/h2>\t\t\t\t<\/div>\n\t\t\t\t<\/div>\n\t\t\t\t<div class=\"elementor-element elementor-element-40bf7b26 elementor-widget elementor-widget-text-editor\" data-id=\"40bf7b26\" data-element_type=\"widget\" data-e-type=\"widget\" data-widget_type=\"text-editor.default\">\n\t\t\t\t<div class=\"elementor-widget-container\">\n\t\t\t\t\t\t\t\t\t<p>Hortz Klinika Carlos Maguna es una cl\u00ednica dental con m\u00e1s de 20 a\u00f1os de experiencia, ubicada en el coraz\u00f3n de Bermeo. Desde nuestros inicios, nos hemos dedicado a ofrecer un cuidado dental integral y personalizado para cada uno de nuestros pacientes.<\/p><p>Con un equipo de profesionales altamente cualificados, brindamos una amplia gama de servicios que incluyen odontolog\u00eda general, ortodoncia, implantolog\u00eda, pr\u00f3tesis dental, periodoncia y est\u00e9tica dental. Nos enfocamos en mejorar la salud bucodental y en ofrecer tratamientos que combinan calidad y bienestar, siempre adaptados a las necesidades de nuestros pacientes.<\/p><p>Conf\u00eda en nosotros para cuidar tu sonrisa y tu salud dental.<\/p>\t\t\t\t\t\t\t\t<\/div>\n\t\t\t\t<\/div>\n\t\t\t\t<div class=\"elementor-element elementor-element-4952c455 elementor-align-center elementor-widget elementor-widget-button\" data-id=\"4952c455\" data-element_type=\"widget\" data-e-type=\"widget\" data-widget_type=\"button.default\">\n\t\t\t\t<div class=\"elementor-widget-container\">\n\t\t\t\t\t\t\t\t\t<div class=\"elementor-button-wrapper\">\n\t\t\t\t\t<a class=\"elementor-button elementor-button-link elementor-size-sm elementor-animation-float\" href=\"https:\/\/hortzklinikamaguna.com\/servicios\/\">\n\t\t\t\t\t\t<span class=\"elementor-button-content-wrapper\">\n\t\t\t\t\t\t\t\t\t<span class=\"elementor-button-text\">Servicios<\/span>\n\t\t\t\t\t<\/span>\n\t\t\t\t\t<\/a>\n\t\t\t\t<\/div>\n\t\t\t\t\t\t\t\t<\/div>\n\t\t\t\t<\/div>\n\t\t\t\t\t<\/div>\n\t\t<\/div>\n\t\t\t\t\t<\/div>\n\t\t<\/section>\n\t\t\t\t\t<\/div>\n\t\t<\/div>\n\t\t\t\t<div class=\"elementor-column elementor-col-50 elementor-top-column elementor-element elementor-element-305884ae elementor-hidden-tablet elementor-hidden-mobile elementor-invisible\" data-id=\"305884ae\" data-element_type=\"column\" data-e-type=\"column\" data-settings=\"{&quot;animation&quot;:&quot;fadeInUp&quot;}\">\n\t\t\t<div class=\"elementor-widget-wrap elementor-element-populated\">\n\t\t\t\t\t\t<div class=\"elementor-element elementor-element-18388f64 elementor-widget elementor-widget-image\" data-id=\"18388f64\" data-element_type=\"widget\" data-e-type=\"widget\" data-widget_type=\"image.default\">\n\t\t\t\t<div class=\"elementor-widget-container\">\n\t\t\t\t\t\t\t\t\t\t\t\t\t\t\t<img fetchpriority=\"high\" decoding=\"async\" width=\"2560\" height=\"1938\" src=\"https:\/\/hortzklinikamaguna.com\/wp-content\/uploads\/2024\/10\/1729238449154-CARLOS-MAGUNAGOICOECHEA-GERVASIOB-scaled.jpg\" class=\"attachment-full size-full wp-image-1732\" alt=\"\" srcset=\"https:\/\/hortzklinikamaguna.com\/wp-content\/uploads\/2024\/10\/1729238449154-CARLOS-MAGUNAGOICOECHEA-GERVASIOB-scaled.jpg 2560w, https:\/\/hortzklinikamaguna.com\/wp-content\/uploads\/2024\/10\/1729238449154-CARLOS-MAGUNAGOICOECHEA-GERVASIOB-300x227.jpg 300w, https:\/\/hortzklinikamaguna.com\/wp-content\/uploads\/2024\/10\/1729238449154-CARLOS-MAGUNAGOICOECHEA-GERVASIOB-1024x775.jpg 1024w, https:\/\/hortzklinikamaguna.com\/wp-content\/uploads\/2024\/10\/1729238449154-CARLOS-MAGUNAGOICOECHEA-GERVASIOB-768x581.jpg 768w, https:\/\/hortzklinikamaguna.com\/wp-content\/uploads\/2024\/10\/1729238449154-CARLOS-MAGUNAGOICOECHEA-GERVASIOB-1536x1163.jpg 1536w, https:\/\/hortzklinikamaguna.com\/wp-content\/uploads\/2024\/10\/1729238449154-CARLOS-MAGUNAGOICOECHEA-GERVASIOB-2048x1550.jpg 2048w, https:\/\/hortzklinikamaguna.com\/wp-content\/uploads\/2024\/10\/1729238449154-CARLOS-MAGUNAGOICOECHEA-GERVASIOB-16x12.jpg 16w\" sizes=\"(max-width: 2560px) 100vw, 2560px\" \/>\t\t\t\t\t\t\t\t\t\t\t\t\t\t\t<\/div>\n\t\t\t\t<\/div>\n\t\t\t\t\t<\/div>\n\t\t<\/div>\n\t\t\t\t\t<\/div>\n\t\t<\/section>\n\t\t\t\t<section class=\"elementor-section elementor-top-section elementor-element elementor-element-47a17a4 elementor-section-boxed elementor-section-height-default elementor-section-height-default\" data-id=\"47a17a4\" data-element_type=\"section\" data-e-type=\"section\" data-settings=\"{&quot;background_background&quot;:&quot;classic&quot;}\">\n\t\t\t\t\t\t\t<div class=\"elementor-background-overlay\"><\/div>\n\t\t\t\t\t\t\t<div class=\"elementor-container elementor-column-gap-no\">\n\t\t\t\t\t<div class=\"elementor-column elementor-col-100 elementor-top-column elementor-element elementor-element-d479599\" data-id=\"d479599\" data-element_type=\"column\" data-e-type=\"column\" data-settings=\"{&quot;background_background&quot;:&quot;classic&quot;}\">\n\t\t\t<div class=\"elementor-widget-wrap elementor-element-populated\">\n\t\t\t\t\t\t<div class=\"elementor-element elementor-element-186c9fe elementor-widget elementor-widget-heading\" data-id=\"186c9fe\" data-element_type=\"widget\" data-e-type=\"widget\" data-widget_type=\"heading.default\">\n\t\t\t\t<div class=\"elementor-widget-container\">\n\t\t\t\t\t<h2 class=\"elementor-heading-title elementor-size-default\">M\u00e1s de 20 a\u00f1os iluminando sonrisas y transformando vidas.<\/h2>\t\t\t\t<\/div>\n\t\t\t\t<\/div>\n\t\t\t\t<div class=\"elementor-element elementor-element-b6ac8c7 elementor-widget elementor-widget-heading\" data-id=\"b6ac8c7\" data-element_type=\"widget\" data-e-type=\"widget\" data-widget_type=\"heading.default\">\n\t\t\t\t<div class=\"elementor-widget-container\">\n\t\t\t\t\t<h2 class=\"elementor-heading-title elementor-size-default\">Hortz Klinika Carlos Maguna<\/h2>\t\t\t\t<\/div>\n\t\t\t\t<\/div>\n\t\t\t\t\t<\/div>\n\t\t<\/div>\n\t\t\t\t\t<\/div>\n\t\t<\/section>\n\t\t\t\t<\/div>\n\t\t","protected":false},"excerpt":{"rendered":"<p>Bienvenidos Hortz Klinika Carlos Maguna Odontolog\u00eda general, ortodoncia, implantolog\u00eda, pr\u00f3tesis dental, periodoncia y est\u00e9tica dental. M\u00e1s de 20 a\u00f1os de Experiencia Cont\u00e1ctanos Historia Hortz Klinika Carlos Maguna es una cl\u00ednica dental con m\u00e1s de 20 a\u00f1os de experiencia, ubicada en el coraz\u00f3n de Bermeo. Desde nuestros inicios, nos hemos dedicado a ofrecer un cuidado dental [&hellip;]<\/p>\n","protected":false},"author":1,"featured_media":0,"parent":0,"menu_order":0,"comment_status":"closed","ping_status":"closed","template":"elementor_canvas","meta":{"footnotes":""},"class_list":["post-941","page","type-page","status-publish","hentry"],"yoast_head":"<!-- This site is optimized with the Yoast SEO plugin v27.3 - https:\/\/yoast.com\/product\/yoast-seo-wordpress\/ -->\n<title>Inicio - Hortz Klinika Maguna<\/title>\n<meta name=\"robots\" content=\"index, follow, max-snippet:-1, max-image-preview:large, max-video-preview:-1\" \/>\n<link rel=\"canonical\" href=\"https:\/\/hortzklinikamaguna.com\/eu\/\" \/>\n<meta property=\"og:locale\" content=\"en_US\" \/>\n<meta property=\"og:type\" content=\"article\" \/>\n<meta property=\"og:title\" content=\"Inicio - Hortz Klinika Maguna\" \/>\n<meta property=\"og:description\" content=\"Bienvenidos Hortz Klinika Carlos Maguna Odontolog\u00eda general, ortodoncia, implantolog\u00eda, pr\u00f3tesis dental, periodoncia y est\u00e9tica dental. M\u00e1s de 20 a\u00f1os de Experiencia Cont\u00e1ctanos Historia Hortz Klinika Carlos Maguna es una cl\u00ednica dental con m\u00e1s de 20 a\u00f1os de experiencia, ubicada en el coraz\u00f3n de Bermeo. Desde nuestros inicios, nos hemos dedicado a ofrecer un cuidado dental [&hellip;]\" \/>\n<meta property=\"og:url\" content=\"https:\/\/hortzklinikamaguna.com\/eu\/\" \/>\n<meta property=\"og:site_name\" content=\"Hortz Klinika Maguna\" \/>\n<meta property=\"article:modified_time\" content=\"2024-10-31T14:50:40+00:00\" \/>\n<meta property=\"og:image\" content=\"https:\/\/hortzklinikamaguna.com\/wp-content\/uploads\/2024\/10\/1729238449154-CARLOS-MAGUNAGOICOECHEA-GERVASIOB-scaled.jpg\" \/>\n\t<meta property=\"og:image:width\" content=\"2560\" \/>\n\t<meta property=\"og:image:height\" content=\"1938\" \/>\n\t<meta property=\"og:image:type\" content=\"image\/jpeg\" \/>\n<meta name=\"twitter:card\" content=\"summary_large_image\" \/>\n<meta name=\"twitter:label1\" content=\"Est. reading time\" \/>\n\t<meta name=\"twitter:data1\" content=\"1 minutua\" \/>\n<script type=\"application\/ld+json\" class=\"yoast-schema-graph\">{\"@context\":\"https:\\\/\\\/schema.org\",\"@graph\":[{\"@type\":\"WebPage\",\"@id\":\"https:\\\/\\\/hortzklinikamaguna.com\\\/\",\"url\":\"https:\\\/\\\/hortzklinikamaguna.com\\\/\",\"name\":\"Inicio - Hortz Klinika Maguna\",\"isPartOf\":{\"@id\":\"https:\\\/\\\/hortzklinikamaguna.com\\\/#website\"},\"primaryImageOfPage\":{\"@id\":\"https:\\\/\\\/hortzklinikamaguna.com\\\/#primaryimage\"},\"image\":{\"@id\":\"https:\\\/\\\/hortzklinikamaguna.com\\\/#primaryimage\"},\"thumbnailUrl\":\"https:\\\/\\\/hortzklinikamaguna.com\\\/wp-content\\\/uploads\\\/2024\\\/10\\\/1729238449154-CARLOS-MAGUNAGOICOECHEA-GERVASIOB-scaled.jpg\",\"datePublished\":\"2024-10-17T15:49:26+00:00\",\"dateModified\":\"2024-10-31T14:50:40+00:00\",\"breadcrumb\":{\"@id\":\"https:\\\/\\\/hortzklinikamaguna.com\\\/#breadcrumb\"},\"inLanguage\":\"eu\",\"potentialAction\":[{\"@type\":\"ReadAction\",\"target\":[\"https:\\\/\\\/hortzklinikamaguna.com\\\/\"]}]},{\"@type\":\"ImageObject\",\"inLanguage\":\"eu\",\"@id\":\"https:\\\/\\\/hortzklinikamaguna.com\\\/#primaryimage\",\"url\":\"https:\\\/\\\/hortzklinikamaguna.com\\\/wp-content\\\/uploads\\\/2024\\\/10\\\/1729238449154-CARLOS-MAGUNAGOICOECHEA-GERVASIOB-scaled.jpg\",\"contentUrl\":\"https:\\\/\\\/hortzklinikamaguna.com\\\/wp-content\\\/uploads\\\/2024\\\/10\\\/1729238449154-CARLOS-MAGUNAGOICOECHEA-GERVASIOB-scaled.jpg\"},{\"@type\":\"BreadcrumbList\",\"@id\":\"https:\\\/\\\/hortzklinikamaguna.com\\\/#breadcrumb\",\"itemListElement\":[{\"@type\":\"ListItem\",\"position\":1,\"name\":\"Portada\",\"item\":\"https:\\\/\\\/hortzklinikamaguna.com\\\/\"},{\"@type\":\"ListItem\",\"position\":2,\"name\":\"Inicio\"}]},{\"@type\":\"WebSite\",\"@id\":\"https:\\\/\\\/hortzklinikamaguna.com\\\/#website\",\"url\":\"https:\\\/\\\/hortzklinikamaguna.com\\\/\",\"name\":\"Hortz Klinika Maguna\",\"description\":\"\",\"publisher\":{\"@id\":\"https:\\\/\\\/hortzklinikamaguna.com\\\/#organization\"},\"potentialAction\":[{\"@type\":\"SearchAction\",\"target\":{\"@type\":\"EntryPoint\",\"urlTemplate\":\"https:\\\/\\\/hortzklinikamaguna.com\\\/?s={search_term_string}\"},\"query-input\":{\"@type\":\"PropertyValueSpecification\",\"valueRequired\":true,\"valueName\":\"search_term_string\"}}],\"inLanguage\":\"eu\"},{\"@type\":\"Organization\",\"@id\":\"https:\\\/\\\/hortzklinikamaguna.com\\\/#organization\",\"name\":\"Hortz Klinika Maguna\",\"url\":\"https:\\\/\\\/hortzklinikamaguna.com\\\/\",\"logo\":{\"@type\":\"ImageObject\",\"inLanguage\":\"eu\",\"@id\":\"https:\\\/\\\/hortzklinikamaguna.com\\\/#\\\/schema\\\/logo\\\/image\\\/\",\"url\":\"https:\\\/\\\/hortzklinikamaguna.com\\\/wp-content\\\/uploads\\\/2024\\\/10\\\/cropped-HK_Mesa-de-trabajo-1.png\",\"contentUrl\":\"https:\\\/\\\/hortzklinikamaguna.com\\\/wp-content\\\/uploads\\\/2024\\\/10\\\/cropped-HK_Mesa-de-trabajo-1.png\",\"width\":1648,\"height\":1066,\"caption\":\"Hortz Klinika Maguna\"},\"image\":{\"@id\":\"https:\\\/\\\/hortzklinikamaguna.com\\\/#\\\/schema\\\/logo\\\/image\\\/\"}}]}<\/script>\n<!-- \/ Yoast SEO plugin. -->","yoast_head_json":{"title":"Inicio - Hortz Klinika Maguna","robots":{"index":"index","follow":"follow","max-snippet":"max-snippet:-1","max-image-preview":"max-image-preview:large","max-video-preview":"max-video-preview:-1"},"canonical":"https:\/\/hortzklinikamaguna.com\/eu\/","og_locale":"en_US","og_type":"article","og_title":"Inicio - Hortz Klinika Maguna","og_description":"Bienvenidos Hortz Klinika Carlos Maguna Odontolog\u00eda general, ortodoncia, implantolog\u00eda, pr\u00f3tesis dental, periodoncia y est\u00e9tica dental. M\u00e1s de 20 a\u00f1os de Experiencia Cont\u00e1ctanos Historia Hortz Klinika Carlos Maguna es una cl\u00ednica dental con m\u00e1s de 20 a\u00f1os de experiencia, ubicada en el coraz\u00f3n de Bermeo. Desde nuestros inicios, nos hemos dedicado a ofrecer un cuidado dental [&hellip;]","og_url":"https:\/\/hortzklinikamaguna.com\/eu\/","og_site_name":"Hortz Klinika Maguna","article_modified_time":"2024-10-31T14:50:40+00:00","og_image":[{"width":2560,"height":1938,"url":"https:\/\/hortzklinikamaguna.com\/wp-content\/uploads\/2024\/10\/1729238449154-CARLOS-MAGUNAGOICOECHEA-GERVASIOB-scaled.jpg","type":"image\/jpeg"}],"twitter_card":"summary_large_image","twitter_misc":{"Est. reading time":"1 minutua"},"schema":{"@context":"https:\/\/schema.org","@graph":[{"@type":"WebPage","@id":"https:\/\/hortzklinikamaguna.com\/","url":"https:\/\/hortzklinikamaguna.com\/","name":"Inicio - Hortz Klinika Maguna","isPartOf":{"@id":"https:\/\/hortzklinikamaguna.com\/#website"},"primaryImageOfPage":{"@id":"https:\/\/hortzklinikamaguna.com\/#primaryimage"},"image":{"@id":"https:\/\/hortzklinikamaguna.com\/#primaryimage"},"thumbnailUrl":"https:\/\/hortzklinikamaguna.com\/wp-content\/uploads\/2024\/10\/1729238449154-CARLOS-MAGUNAGOICOECHEA-GERVASIOB-scaled.jpg","datePublished":"2024-10-17T15:49:26+00:00","dateModified":"2024-10-31T14:50:40+00:00","breadcrumb":{"@id":"https:\/\/hortzklinikamaguna.com\/#breadcrumb"},"inLanguage":"eu","potentialAction":[{"@type":"ReadAction","target":["https:\/\/hortzklinikamaguna.com\/"]}]},{"@type":"ImageObject","inLanguage":"eu","@id":"https:\/\/hortzklinikamaguna.com\/#primaryimage","url":"https:\/\/hortzklinikamaguna.com\/wp-content\/uploads\/2024\/10\/1729238449154-CARLOS-MAGUNAGOICOECHEA-GERVASIOB-scaled.jpg","contentUrl":"https:\/\/hortzklinikamaguna.com\/wp-content\/uploads\/2024\/10\/1729238449154-CARLOS-MAGUNAGOICOECHEA-GERVASIOB-scaled.jpg"},{"@type":"BreadcrumbList","@id":"https:\/\/hortzklinikamaguna.com\/#breadcrumb","itemListElement":[{"@type":"ListItem","position":1,"name":"Portada","item":"https:\/\/hortzklinikamaguna.com\/"},{"@type":"ListItem","position":2,"name":"Inicio"}]},{"@type":"WebSite","@id":"https:\/\/hortzklinikamaguna.com\/#website","url":"https:\/\/hortzklinikamaguna.com\/","name":"Hortz Klinika Maguna","description":"","publisher":{"@id":"https:\/\/hortzklinikamaguna.com\/#organization"},"potentialAction":[{"@type":"SearchAction","target":{"@type":"EntryPoint","urlTemplate":"https:\/\/hortzklinikamaguna.com\/?s={search_term_string}"},"query-input":{"@type":"PropertyValueSpecification","valueRequired":true,"valueName":"search_term_string"}}],"inLanguage":"eu"},{"@type":"Organization","@id":"https:\/\/hortzklinikamaguna.com\/#organization","name":"Hortz Klinika Maguna","url":"https:\/\/hortzklinikamaguna.com\/","logo":{"@type":"ImageObject","inLanguage":"eu","@id":"https:\/\/hortzklinikamaguna.com\/#\/schema\/logo\/image\/","url":"https:\/\/hortzklinikamaguna.com\/wp-content\/uploads\/2024\/10\/cropped-HK_Mesa-de-trabajo-1.png","contentUrl":"https:\/\/hortzklinikamaguna.com\/wp-content\/uploads\/2024\/10\/cropped-HK_Mesa-de-trabajo-1.png","width":1648,"height":1066,"caption":"Hortz Klinika Maguna"},"image":{"@id":"https:\/\/hortzklinikamaguna.com\/#\/schema\/logo\/image\/"}}]}},"_links":{"self":[{"href":"https:\/\/hortzklinikamaguna.com\/eu\/wp-json\/wp\/v2\/pages\/941","targetHints":{"allow":["GET"]}}],"collection":[{"href":"https:\/\/hortzklinikamaguna.com\/eu\/wp-json\/wp\/v2\/pages"}],"about":[{"href":"https:\/\/hortzklinikamaguna.com\/eu\/wp-json\/wp\/v2\/types\/page"}],"author":[{"embeddable":true,"href":"https:\/\/hortzklinikamaguna.com\/eu\/wp-json\/wp\/v2\/users\/1"}],"replies":[{"embeddable":true,"href":"https:\/\/hortzklinikamaguna.com\/eu\/wp-json\/wp\/v2\/comments?post=941"}],"version-history":[{"count":539,"href":"https:\/\/hortzklinikamaguna.com\/eu\/wp-json\/wp\/v2\/pages\/941\/revisions"}],"predecessor-version":[{"id":1836,"href":"https:\/\/hortzklinikamaguna.com\/eu\/wp-json\/wp\/v2\/pages\/941\/revisions\/1836"}],"wp:attachment":[{"href":"https:\/\/hortzklinikamaguna.com\/eu\/wp-json\/wp\/v2\/media?parent=941"}],"curies":[{"name":"wp","href":"https:\/\/api.w.org\/{rel}","templated":true}]}}